{"id":1671,"date":"2016-06-20T12:28:47","date_gmt":"2016-06-20T16:28:47","guid":{"rendered":"http:\/\/plomberieoutaouais.com\/nos-services\/?lang=en"},"modified":"2025-06-19T14:56:59","modified_gmt":"2025-06-19T18:56:59","slug":"our-services","status":"publish","type":"page","link":"https:\/\/plomberieoutaouais.com\/en\/our-services\/","title":{"rendered":"Our Services"},"content":{"rendered":"<div class=\"wpb-content-wrapper\"><p>[vc_row layout=&#8221;boxed&#8221;][vc_column][vc_empty_space height=&#8221;70px&#8221;]\t\t\t<div\n\t\t\t\tclass=\"darna-heading style1 text-caps gold-heading\" >\n\t\t\t\t\t\t\t\t\t<h2>Our services<\/h2>\n\t\t\t\t\t\t\t\t\t\t\t<\/div>\n\t\t\t[vc_empty_space height=&#8221;60px&#8221;][vc_row_inner layout=&#8221;boxed&#8221;][vc_column_inner width=&#8221;1\/2&#8243;]\t\t\t<div\n\t\t\t\tclass=\"darna-icon-box style1 not-active\" >\n\t\t\t\t<a class=\"ibox-icon\" title=\"\"\n\t\t\t\t   target=\"_self\" href=\"#\">\n\t\t\t\t\t\t\t\t\t\t\t<i class=\"flaticon-tools6\"><\/i>\n\t\t\t\t\t\t\t\t\t<\/a>\n\t\t\t\t\t\t\t\t\t<h3><a title=\"\" target=\"_self\"\n\t\t\t\t\t       href=\"#\">The Plumber<\/a><\/h3>\n\t\t\t\t\t\t\t\t\t<p>Plumbing is our cup of tea. Our Plumber knows his products well and is an expert at installing them quickly, correctly, with no fuss. You know when our plumber visits you won't need to call another one and you'll have peace of mind.<\/p>\n\t\t\t\t\t\t\t<\/div>\n\t\t\t[vc_empty_space height=&#8221;30px&#8221;][\/vc_column_inner][vc_column_inner width=&#8221;1\/2&#8243;]\t\t\t<div\n\t\t\t\tclass=\"darna-icon-box style1 not-active\" >\n\t\t\t\t<a class=\"ibox-icon\" title=\"\"\n\t\t\t\t   target=\"_self\" href=\"#\">\n\t\t\t\t\t\t\t\t\t\t\t<i class=\"fa fa-comment\"><\/i>\n\t\t\t\t\t\t\t\t\t<\/a>\n\t\t\t\t\t\t\t\t\t<h3><a title=\"\" target=\"_self\"\n\t\t\t\t\t       href=\"#\">Customer service<\/a><\/h3>\n\t\t\t\t\t\t\t\t\t<p>Your satisfaction is what's most important to us. We always make sure you love the products and services we've delivered to you. If for any reason you are not completely satisfied, call us and we'll make things right as quickly as we can.<\/p>\n\t\t\t\t\t\t\t<\/div>\n\t\t\t[vc_empty_space height=&#8221;30px&#8221;][\/vc_column_inner][\/vc_row_inner][vc_row_inner layout=&#8221;boxed&#8221;][vc_column_inner width=&#8221;1\/2&#8243;][vc_empty_space height=&#8221;30px&#8221;]\t\t\t<div\n\t\t\t\tclass=\"darna-icon-box style1 not-active\" >\n\t\t\t\t<a class=\"ibox-icon\" title=\"\"\n\t\t\t\t   target=\"_self\" href=\"#\">\n\t\t\t\t\t\t\t\t\t\t\t<i class=\"fa fa-comments\"><\/i>\n\t\t\t\t\t\t\t\t\t<\/a>\n\t\t\t\t\t\t\t\t\t<h3><a title=\"\" target=\"_self\"\n\t\t\t\t\t       href=\"#\">Expert advice<\/a><\/h3>\n\t\t\t\t\t\t\t\t\t<p>Plomberie Outaouais knows plumbing and is up to date on new products, techniques and technologies. We carry the latest and trendiest products on the market! Come visit us at the store and view our fantastic showroom.<\/p>\n\t\t\t\t\t\t\t<\/div>\n\t\t\t[\/vc_column_inner][vc_column_inner width=&#8221;1\/2&#8243;][vc_empty_space height=&#8221;30px&#8221;]\t\t\t<div\n\t\t\t\tclass=\"darna-icon-box style1 not-active\" >\n\t\t\t\t<a class=\"ibox-icon\" title=\"\"\n\t\t\t\t   target=\"_self\" href=\"#\">\n\t\t\t\t\t\t\t\t\t\t\t<i class=\"fa fa-key\"><\/i>\n\t\t\t\t\t\t\t\t\t<\/a>\n\t\t\t\t\t\t\t\t\t<h3><a title=\"\" target=\"_self\"\n\t\t\t\t\t       href=\"#\">Turnkey solutions<\/a><\/h3>\n\t\t\t\t\t\t\t\t\t<p>Plomberie Outaouais only partners with contractors who are certified with la R\u00e9gie du b\u00e2timent du Qu\u00e9bec (RBQ) and who follow building standards and the building code. We have the contacts and the ideas to realize your greatest projects.<\/p>\n\t\t\t\t\t\t\t<\/div>\n\t\t\t[\/vc_column_inner][\/vc_row_inner][vc_empty_space height=&#8221;90px&#8221;][\/vc_column][\/vc_row][vc_row parallax=&#8221;content-moving&#8221; parallax_image=&#8221;1449&#8243; overlay_set=&#8221;show_overlay_color&#8221; overlay_color=&#8221;#050505&#8243; overlay_opacity=&#8221;70&#8243;][vc_column][vc_empty_space height=&#8221;90px&#8221;][vc_row_inner layout=&#8221;boxed&#8221;][vc_column_inner width=&#8221;1\/4&#8243;]\t\t\t<div\n\t\t\t\tclass=\"darna-process style1  not-active\" >\n\t\t\t\t\t\t\t\t\t\t\t\t\t<h3>01\t\t\t\t\t\t\t<i class=\"fa fa-long-arrow-right\"><\/i>\n\t\t\t\t\t\t\t\t\t\t\t<\/h3>\n\t\t\t\t\t\t\t\t\t\t\t\t\t<h2>\n\t\t\t\t\t\t<a target=\"_self\"\n\t\t\t\t\t\t   href=\"#\">DESIGN<\/a>\n\t\t\t\t\t<\/h2>\n\t\t\t\t\t\t\t\t\t<p>Using your plans, our team will propose customized solutions to meet your expectations.<\/p>\n\t\t\t\t\t\t\t<\/div>\n\t\t\t[\/vc_column_inner][vc_column_inner width=&#8221;1\/4&#8243;]\t\t\t<div\n\t\t\t\tclass=\"darna-process style1  not-active\" >\n\t\t\t\t\t\t\t\t\t\t\t\t\t<h3>02\t\t\t\t\t\t\t<i class=\"fa fa-long-arrow-right\"><\/i>\n\t\t\t\t\t\t\t\t\t\t\t<\/h3>\n\t\t\t\t\t\t\t\t\t\t\t\t\t<h2>\n\t\t\t\t\t\t<a target=\"_self\"\n\t\t\t\t\t\t   href=\"#\">GUIDANCE<\/a>\n\t\t\t\t\t<\/h2>\n\t\t\t\t\t\t\t\t\t<p>At each stage of your project, our experienced consultants are available to guide you and answer your questions. We are proud to say that our customer service is impeccable.<\/p>\n\t\t\t\t\t\t\t<\/div>\n\t\t\t[\/vc_column_inner][vc_column_inner width=&#8221;1\/4&#8243;]\t\t\t<div\n\t\t\t\tclass=\"darna-process style1  not-active\" >\n\t\t\t\t\t\t\t\t\t\t\t\t\t<h3>03\t\t\t\t\t\t\t<i class=\"fa fa-long-arrow-right\"><\/i>\n\t\t\t\t\t\t\t\t\t\t\t<\/h3>\n\t\t\t\t\t\t\t\t\t\t\t\t\t<h2>\n\t\t\t\t\t\t<a target=\"_self\"\n\t\t\t\t\t\t   href=\"#\">PRODUCTION<\/a>\n\t\t\t\t\t<\/h2>\n\t\t\t\t\t\t\t\t\t<p>With commitment to quality and customer service, our professionals make your dream project come to life and meet your deadlines and respect current construction standards.<\/p>\n\t\t\t\t\t\t\t<\/div>\n\t\t\t[\/vc_column_inner][vc_column_inner width=&#8221;1\/4&#8243;]\t\t\t<div\n\t\t\t\tclass=\"darna-process style1  not-active\" >\n\t\t\t\t\t\t\t\t\t\t\t\t\t<h3>04\t\t\t\t\t<\/h3>\n\t\t\t\t\t\t\t\t\t\t\t\t\t<h2>\n\t\t\t\t\t\t<a target=\"_self\"\n\t\t\t\t\t\t   href=\"#\">AFTER-SALES SERVICES<\/a>\n\t\t\t\t\t<\/h2>\n\t\t\t\t\t\t\t\t\t<p>Your satisfaction is a guarantee of our success. If a problem occurs, we will ensure to resolve the situation as soon as possible. We have your projects at heart.<\/p>\n\t\t\t\t\t\t\t<\/div>\n\t\t\t[\/vc_column_inner][\/vc_row_inner][vc_empty_space height=&#8221;90px&#8221;][\/vc_column][\/vc_row]<\/p>\n<\/div>","protected":false},"excerpt":{"rendered":"<p>[vc_row layout=&#8221;boxed&#8221;][vc_column][vc_empty_space height=&#8221;70px&#8221;][vc_empty_space height=&#8221;60px&#8221;][vc_row_inner layout=&#8221;boxed&#8221;][vc_column_inner width=&#8221;1\/2&#8243;][vc_empty_space height=&#8221;30px&#8221;][\/vc_column_inner][vc_column_inner width=&#8221;1\/2&#8243;][vc_empty_space height=&#8221;30px&#8221;][\/vc_column_inner][\/vc_row_inner][vc_row_inner layout=&#8221;boxed&#8221;][vc_column_inner width=&#8221;1\/2&#8243;][vc_empty_space height=&#8221;30px&#8221;][\/vc_column_inner][vc_column_inner width=&#8221;1\/2&#8243;][vc_empty_space height=&#8221;30px&#8221;][\/vc_column_inner][\/vc_row_inner][vc_empty_space height=&#8221;90px&#8221;][\/vc_column][\/vc_row][vc_row parallax=&#8221;content-moving&#8221; parallax_image=&#8221;1449&#8243; overlay_set=&#8221;show_overlay_color&#8221; overlay_color=&#8221;#050505&#8243; overlay_opacity=&#8221;70&#8243;][vc_column][vc_empty_space height=&#8221;90px&#8221;][vc_row_inner layout=&#8221;boxed&#8221;][vc_column_inner width=&#8221;1\/4&#8243;][\/vc_column_inner][vc_column_inner width=&#8221;1\/4&#8243;][\/vc_column_inner][vc_column_inner width=&#8221;1\/4&#8243;][\/vc_column_inner][vc_column_inner width=&#8221;1\/4&#8243;][\/vc_column_inner][\/vc_row_inner][vc_empty_space height=&#8221;90px&#8221;][\/vc_column][\/vc_row]<\/p>\n","protected":false},"author":12,"featured_media":0,"parent":0,"menu_order":0,"comment_status":"closed","ping_status":"closed","template":"","meta":{"_seopress_robots_primary_cat":"","_seopress_titles_title":"The High-End Plumbing Experts | Plomberie Outaouais Services","_seopress_titles_desc":"Need bathroom design advice or a top of the line kitchen sink? The experts at Plomberie Outaouais will meet all your needs with local and high-en products.","_seopress_robots_index":"","inline_featured_image":false,"footnotes":""},"class_list":["post-1671","page","type-page","status-publish","hentry"],"_links":{"self":[{"href":"https:\/\/plomberieoutaouais.com\/en\/wp-json\/wp\/v2\/pages\/1671","targetHints":{"allow":["GET"]}}],"collection":[{"href":"https:\/\/plomberieoutaouais.com\/en\/wp-json\/wp\/v2\/pages"}],"about":[{"href":"https:\/\/plomberieoutaouais.com\/en\/wp-json\/wp\/v2\/types\/page"}],"author":[{"embeddable":true,"href":"https:\/\/plomberieoutaouais.com\/en\/wp-json\/wp\/v2\/users\/12"}],"replies":[{"embeddable":true,"href":"https:\/\/plomberieoutaouais.com\/en\/wp-json\/wp\/v2\/comments?post=1671"}],"version-history":[{"count":2,"href":"https:\/\/plomberieoutaouais.com\/en\/wp-json\/wp\/v2\/pages\/1671\/revisions"}],"predecessor-version":[{"id":7178,"href":"https:\/\/plomberieoutaouais.com\/en\/wp-json\/wp\/v2\/pages\/1671\/revisions\/7178"}],"wp:attachment":[{"href":"https:\/\/plomberieoutaouais.com\/en\/wp-json\/wp\/v2\/media?parent=1671"}],"curies":[{"name":"wp","href":"https:\/\/api.w.org\/{rel}","templated":true}]}}