{"id":4122,"date":"2019-10-21T11:41:30","date_gmt":"2019-10-21T15:41:30","guid":{"rendered":"https:\/\/plomberieoutaouais.com\/nouveaute-dautome\/"},"modified":"2026-01-05T09:57:10","modified_gmt":"2026-01-05T14:57:10","slug":"new-2026","status":"publish","type":"page","link":"https:\/\/plomberieoutaouais.com\/en\/new-2026\/","title":{"rendered":"New 2026"},"content":{"rendered":"<div class=\"wpb-content-wrapper\"><p>[vc_row][vc_column]\t\t\t<div\n\t\t\t\tclass=\"darna-heading style1 \" >\n\t\t\t\t\t\t\t\t\t<h2>NEW 2026<\/h2>\n\t\t\t\t\t\t\t\t\t\t\t<\/div>\n\t\t\t[vc_empty_space][\/vc_column][\/vc_row][vc_row layout=&#8221;boxed&#8221; el_class=&#8221;nv-automne&#8221;][vc_column][vc_row_inner layout=&#8221;boxed&#8221;][vc_column_inner width=&#8221;1\/2&#8243;][vc_empty_space height=&#8221;30px&#8221;][vc_gallery type=&#8221;nivo&#8221; interval=&#8221;0&#8243; images=&#8221;7323&#8243; img_size=&#8221;large&#8221; onclick=&#8221;custom_link&#8221; custom_links_target=&#8221;_blank&#8221; css=&#8221;&#8221; custom_links=&#8221;\/wp-content\/uploads\/2025\/11\/Alta_Stile_FR.pdf&#8221;]\t\t\t<div\n\t\t\t\tclass=\"darna-icon-box style1 not-active\" >\n\t\t\t\t<a class=\"ibox-icon\" title=\"\"\n\t\t\t\t   target=\"_self\" href=\"#\">\n\t\t\t\t\t\t\t\t\t\t\t<i class=\"\"><\/i>\n\t\t\t\t\t\t\t\t\t<\/a>\n\t\t\t\t\t\t\t\t\t<h3><a title=\"\" target=\"_self\"\n\t\t\t\t\t       href=\"#\">GROUPE ZITTA - NOUVEAUT\u00c9S PORTES DE DOUCHE<\/a><\/h3>\n\t\t\t\t\t\t\t\t\t<p>Faites entrer la modernit\u00e9 dans votre salle de bain avec nos nouvelles portes de douche vitr\u00e9es ! Design tendance, finitions haut de gamme et transparence parfaite pour agrandir visuellement l\u2019espace. Une touche d\u2019\u00e9l\u00e9gance qui s\u2019adapte \u00e0 tous les styles de d\u00e9cor.<\/p>\n\t\t\t\t\t\t\t<\/div>\n\t\t\t[\/vc_column_inner][vc_column_inner width=&#8221;1\/2&#8243;][vc_empty_space height=&#8221;30px&#8221;][vc_gallery type=&#8221;nivo&#8221; interval=&#8221;0&#8243; images=&#8221;7274&#8243; img_size=&#8221;large&#8221; onclick=&#8221;custom_link&#8221; custom_links_target=&#8221;_blank&#8221; css=&#8221;&#8221; custom_links=&#8221;\/wp-content\/uploads\/2025\/09\/Nouveautes-ETE-2025.pdf&#8221;]\t\t\t<div\n\t\t\t\tclass=\"darna-icon-box style1 not-active\" >\n\t\t\t\t<a class=\"ibox-icon\" title=\"\"\n\t\t\t\t   target=\"_self\" href=\"#\">\n\t\t\t\t\t\t\t\t\t\t\t<i class=\"\"><\/i>\n\t\t\t\t\t\t\t\t\t<\/a>\n\t\t\t\t\t\t\t\t\t<h3><a title=\"\" target=\"_self\"\n\t\t\t\t\t       href=\"#\">TOTO\u00ae - NOUVEAUT\u00c9S SALLE DE BAIN<\/a><\/h3>\n\t\t\t\t\t\t\t\t\t<p>Plongez dans un confort absolu avec les nouveaut\u00e9s pour salle de bain dignes d'un spa. Rehaussez le look et la fonctionnalit\u00e9 de votre espace avec de nouveaux mod\u00e8les, produits et finis, parfaits pour une salle de bain paisible et ressour\u00e7ante.<\/p>\n\t\t\t\t\t\t\t<\/div>\n\t\t\t[\/vc_column_inner][\/vc_row_inner][vc_row_inner layout=&#8221;boxed&#8221;][vc_column_inner width=&#8221;1\/2&#8243;][vc_empty_space height=&#8221;30px&#8221;][vc_gallery type=&#8221;nivo&#8221; interval=&#8221;0&#8243; images=&#8221;6562&#8243; img_size=&#8221;large&#8221; onclick=&#8221;custom_link&#8221; custom_links_target=&#8221;_blank&#8221; css=&#8221;&#8221; custom_links=&#8221;\/wp-content\/uploads\/2024\/05\/Annonce_PRO-LD.pdf&#8221;]\t\t\t<div\n\t\t\t\tclass=\"darna-icon-box style1 not-active\" >\n\t\t\t\t<a class=\"ibox-icon\" title=\"\"\n\t\t\t\t   target=\"_self\" href=\"#\">\n\t\t\t\t\t\t\t\t\t\t\t<i class=\"\"><\/i>\n\t\t\t\t\t\t\t\t\t<\/a>\n\t\t\t\t\t\t\t\t\t<h3><a title=\"\" target=\"_self\"\n\t\t\t\t\t       href=\"#\">Ba\u00efa - collection \u00e9vier \u00e0 diviseur<\/a><\/h3>\n\t\t\t\t\t\t\t\t\t<p>Le diviseur bas permet de manipuler des articles de grandes dimensions alors que le diviseur mince permet d'offrir des cuves de grandes tailles. Ces \u00e9viers allient design et praticit\u00e9.<\/p>\n\t\t\t\t\t\t\t<\/div>\n\t\t\t[\/vc_column_inner][vc_column_inner width=&#8221;1\/2&#8243;][vc_empty_space height=&#8221;30px&#8221;][vc_gallery type=&#8221;nivo&#8221; interval=&#8221;0&#8243; images=&#8221;6368&#8243; img_size=&#8221;full&#8221; onclick=&#8221;custom_link&#8221; custom_links_target=&#8221;_blank&#8221; custom_links=&#8221;\/wp-content\/uploads\/2024\/01\/W23-1553-HofR-Riobel-Lateral-Fact-Sheets_FR.pdf&#8221;]\t\t\t<div\n\t\t\t\tclass=\"darna-icon-box style1 not-active\" >\n\t\t\t\t<a class=\"ibox-icon\" title=\"\"\n\t\t\t\t   target=\"_self\" href=\"#\">\n\t\t\t\t\t\t\t\t\t\t\t<i class=\"\"><\/i>\n\t\t\t\t\t\t\t\t\t<\/a>\n\t\t\t\t\t\t\t\t\t<h3><a title=\"\" target=\"_self\"\n\t\t\t\t\t       href=\"#\">Riobel - Collection cuisine LATERAL<\/a><\/h3>\n\t\t\t\t\t\t\t\t\t<p>La sym\u00e9trie \u00e0 part. La d\u00e9finition du mot \u00ab lat\u00e9ral \u00bb est \u00ab sur le c\u00f4t\u00e9 \u00bb. En pla\u00e7ant le levier \u00e0 l\u2019\u00e9cart, en rebord, on transforme ainsi les proportions et la perspective.<\/p>\n\t\t\t\t\t\t\t<\/div>\n\t\t\t[\/vc_column_inner][\/vc_row_inner][vc_row_inner layout=&#8221;boxed&#8221;][vc_column_inner width=&#8221;1\/2&#8243;][vc_empty_space height=&#8221;30px&#8221;][vc_gallery type=&#8221;nivo&#8221; interval=&#8221;0&#8243; images=&#8221;6697&#8243; img_size=&#8221;full&#8221; onclick=&#8221;custom_link&#8221; custom_links_target=&#8221;_blank&#8221; css=&#8221;&#8221; custom_links=&#8221;\/wp-content\/uploads\/2024\/08\/Bellini2_DoubleSlider_FR.pdf&#8221;]\t\t\t<div\n\t\t\t\tclass=\"darna-icon-box style1 not-active\" >\n\t\t\t\t<a class=\"ibox-icon\" title=\"\"\n\t\t\t\t   target=\"_self\" href=\"#\">\n\t\t\t\t\t\t\t\t\t\t\t<i class=\"\"><\/i>\n\t\t\t\t\t\t\t\t\t<\/a>\n\t\t\t\t\t\t\t\t\t<h3><a title=\"\" target=\"_self\"\n\t\t\t\t\t       href=\"#\">Bellini 2.0 bidirectionnelle<\/a><\/h3>\n\t\t\t\t\t\t\t\t\t<p>Ouverture \u00e0 gauche ET \u00e0 droite, hauteur de 78 3\/4``, disponible en 60`` seulement, \u00e9paisseur de verre de 8 mm, disponible pour une installation en alc\u00f4ve, disponible en chrome, noir mat, blanc mat ou or bross\u00e9.<\/p>\n\t\t\t\t\t\t\t<\/div>\n\t\t\t[\/vc_column_inner][vc_column_inner width=&#8221;1\/2&#8243;][vc_empty_space height=&#8221;30px&#8221;][vc_gallery type=&#8221;nivo&#8221; interval=&#8221;0&#8243; images=&#8221;6559&#8243; img_size=&#8221;full&#8221; onclick=&#8221;custom_link&#8221; custom_links_target=&#8221;_blank&#8221; css=&#8221;&#8221; custom_links=&#8221;\/wp-content\/uploads\/2024\/05\/Annonce_BAIA_STONE.pdf&#8221;]\t\t\t<div\n\t\t\t\tclass=\"darna-icon-box style1 not-active\" >\n\t\t\t\t<a class=\"ibox-icon\" title=\"\"\n\t\t\t\t   target=\"_self\" href=\"#\">\n\t\t\t\t\t\t\t\t\t\t\t<i class=\"\"><\/i>\n\t\t\t\t\t\t\t\t\t<\/a>\n\t\t\t\t\t\t\t\t\t<h3><a title=\"\" target=\"_self\"\n\t\t\t\t\t       href=\"#\">Ba\u00efa - collection ba\u00efa st\u00f6ne<\/a><\/h3>\n\t\t\t\t\t\t\t\t\t<p>Les \u00e9viers Ba\u00efa ST\u00d6NE sont fabriqu\u00e9s en Allemagne alliant 80% de quartz et assortis de notre cr\u00e9pine italienne Saturno. Disponible en trois couleurs et cinq formats.<\/p>\n\t\t\t\t\t\t\t<\/div>\n\t\t\t[\/vc_column_inner][\/vc_row_inner][vc_row_inner layout=&#8221;boxed&#8221;][vc_column_inner width=&#8221;1\/2&#8243;][vc_empty_space height=&#8221;30px&#8221;][vc_gallery type=&#8221;nivo&#8221; interval=&#8221;0&#8243; images=&#8221;6990&#8243; img_size=&#8221;full&#8221; onclick=&#8221;custom_link&#8221; custom_links_target=&#8221;_blank&#8221; css=&#8221;&#8221; custom_links=&#8221;\/wp-content\/uploads\/2025\/02\/Brizo-Latest-releases-2024.pdf&#8221;]\t\t\t<div\n\t\t\t\tclass=\"darna-icon-box style1 not-active\" >\n\t\t\t\t<a class=\"ibox-icon\" title=\"\"\n\t\t\t\t   target=\"_self\" href=\"#\">\n\t\t\t\t\t\t\t\t\t\t\t<i class=\"\"><\/i>\n\t\t\t\t\t\t\t\t\t<\/a>\n\t\t\t\t\t\t\t\t\t<h3><a title=\"\" target=\"_self\"\n\t\t\t\t\t       href=\"#\">Brizo - Cuisine et Salle de bain<\/a><\/h3>\n\t\t\t\t\t\t\t\t\t<p>\u00c0 chaque d\u00e9voilement vient un renouveau : de passion, d\u2019artisanat, d\u2019intention. Cette ann\u00e9e, comme toujours, nous visons Inspirer les espaces, donner du pouvoir aux cr\u00e9ateurs et surtout, permettre la vision artistique sous toutes ses formes.<\/p>\n\t\t\t\t\t\t\t<\/div>\n\t\t\t[\/vc_column_inner][vc_column_inner width=&#8221;1\/2&#8243;][vc_empty_space height=&#8221;30px&#8221;][vc_gallery type=&#8221;nivo&#8221; interval=&#8221;0&#8243; images=&#8221;6994&#8243; img_size=&#8221;full&#8221; onclick=&#8221;custom_link&#8221; custom_links_target=&#8221;_blank&#8221; css=&#8221;&#8221; custom_links=&#8221;\/wp-content\/uploads\/2025\/02\/W23-1582-HofR-Perrin-Rowe-Southbank-Sell-Sheets_CA_FR.pdf&#8221;]\t\t\t<div\n\t\t\t\tclass=\"darna-icon-box style1 not-active\" >\n\t\t\t\t<a class=\"ibox-icon\" title=\"\"\n\t\t\t\t   target=\"_self\" href=\"#\">\n\t\t\t\t\t\t\t\t\t\t\t<i class=\"\"><\/i>\n\t\t\t\t\t\t\t\t\t<\/a>\n\t\t\t\t\t\t\t\t\t<h3><a title=\"\" target=\"_self\"\n\t\t\t\t\t       href=\"#\">House of Rohl - Southbank Collection Cuisine<\/a><\/h3>\n\t\t\t\t\t\t\t\t\t<p>La collection Southbank tire son nom du quartier anim\u00e9 de Londres, et de son architecture du milieu du si\u00e8cle embl\u00e9matique. Le pass\u00e9 et le pr\u00e9sent s\u2019y marient harmonieusement. Les courbes et les contours caract\u00e9ristiques de l\u2019esth\u00e9tique du milieu du si\u00e8cle mettent en valeur un design \u00e9l\u00e9gant et classique.<\/p>\n\t\t\t\t\t\t\t<\/div>\n\t\t\t[\/vc_column_inner][\/vc_row_inner][vc_row_inner layout=&#8221;boxed&#8221;][vc_column_inner width=&#8221;1\/2&#8243;][vc_empty_space height=&#8221;30px&#8221;][vc_gallery type=&#8221;nivo&#8221; interval=&#8221;0&#8243; images=&#8221;7096&#8243; img_size=&#8221;large&#8221; onclick=&#8221;custom_link&#8221; custom_links_target=&#8221;_blank&#8221; css=&#8221;&#8221; custom_links=&#8221;\/wp-content\/uploads\/2025\/04\/baril-villa-lookbook-fr.pdf&#8221;]\t\t\t<div\n\t\t\t\tclass=\"darna-icon-box style1 not-active\" >\n\t\t\t\t<a class=\"ibox-icon\" title=\"\"\n\t\t\t\t   target=\"_self\" href=\"#\">\n\t\t\t\t\t\t\t\t\t\t\t<i class=\"\"><\/i>\n\t\t\t\t\t\t\t\t\t<\/a>\n\t\t\t\t\t\t\t\t\t<h3><a title=\"\" target=\"_self\"\n\t\t\t\t\t       href=\"#\">VILLA  - Un classique r\u00e9invent\u00e9<\/a><\/h3>\n\t\t\t\t\t\t\t\t\t<p>Cette collection apportera la chaleur et le charme des villas m\u00e9diterran\u00e9ennes dans votre cuisine. Se d\u00e9marquant du style purement traditionnel, ses courbes gracieuses, son aspect artisanal raffin\u00e9 et son \u00e9l\u00e9gance intemporelle cr\u00e9ent une harmonie parfaite entre tradition et innovation.<\/p>\n\t\t\t\t\t\t\t<\/div>\n\t\t\t[\/vc_column_inner][vc_column_inner width=&#8221;1\/2&#8243;][vc_empty_space height=&#8221;30px&#8221;][vc_gallery type=&#8221;nivo&#8221; interval=&#8221;0&#8243; images=&#8221;6985&#8243; img_size=&#8221;full&#8221; onclick=&#8221;custom_link&#8221; custom_links_target=&#8221;_blank&#8221; css=&#8221;&#8221; custom_links=&#8221;\/wp-content\/uploads\/2025\/02\/BCAN-Catalgue_C25_FR_CA_100dpi.pdf&#8221;]\t\t\t<div\n\t\t\t\tclass=\"darna-icon-box style1 not-active\" >\n\t\t\t\t<a class=\"ibox-icon\" title=\"\"\n\t\t\t\t   target=\"_self\" href=\"#\">\n\t\t\t\t\t\t\t\t\t\t\t<i class=\"\"><\/i>\n\t\t\t\t\t\t\t\t\t<\/a>\n\t\t\t\t\t\t\t\t\t<h3><a title=\"\" target=\"_self\"\n\t\t\t\t\t       href=\"#\">Blanco - Cuisine<\/a><\/h3>\n\t\t\t\t\t\t\t\t\t<p>C\u00e9l\u00e9brez nos 100 ans de succ\u00e8s avec nos UNIT\u00c9S D\u2018ANNIVERSAIRE. Faites plaisir \u00e0 vos clients avec des configurations uniques et des promotions passionnantes.<\/p>\n\t\t\t\t\t\t\t<\/div>\n\t\t\t[\/vc_column_inner][\/vc_row_inner][vc_row_inner layout=&#8221;boxed&#8221;][vc_column_inner width=&#8221;1\/2&#8243;][vc_empty_space height=&#8221;30px&#8221;][vc_gallery type=&#8221;nivo&#8221; interval=&#8221;0&#8243; images=&#8221;7087&#8243; img_size=&#8221;full&#8221; onclick=&#8221;custom_link&#8221; custom_links_target=&#8221;_blank&#8221; css=&#8221;&#8221; custom_links=&#8221;\/wp-content\/uploads\/2025\/04\/FL-FT-BAIN-Tonnetz_-BTZ-2025.pdf&#8221;]\t\t\t<div\n\t\t\t\tclass=\"darna-icon-box style1 not-active\" >\n\t\t\t\t<a class=\"ibox-icon\" title=\"\"\n\t\t\t\t   target=\"_self\" href=\"#\">\n\t\t\t\t\t\t\t\t\t\t\t<i class=\"\"><\/i>\n\t\t\t\t\t\t\t\t\t<\/a>\n\t\t\t\t\t\t\t\t\t<h3><a title=\"\" target=\"_self\"\n\t\t\t\t\t       href=\"#\">Tonnetz - Baignoire en solid surface<\/a><\/h3>\n\t\t\t\t\t\t\t\t\t<p>Baignoire spacieuse autoportante au fini blanc brillant, offrant un confort ultime et facile \u00e0 entretenir. Construction renforc\u00e9e en fibre de verre, drain en m\u00e9tal pr\u00e9install\u00e9, et compatible avec le syst\u00e8me de drainage FleurcoConnect\u00ae.<\/p>\n\t\t\t\t\t\t\t<\/div>\n\t\t\t[\/vc_column_inner][vc_column_inner width=&#8221;1\/2&#8243;][vc_empty_space height=&#8221;30px&#8221;][vc_gallery type=&#8221;nivo&#8221; interval=&#8221;0&#8243; images=&#8221;7091&#8243; img_size=&#8221;full&#8221; onclick=&#8221;custom_link&#8221; custom_links_target=&#8221;_blank&#8221; css=&#8221;&#8221; custom_links=&#8221;\/wp-content\/uploads\/2025\/04\/FL-FT-BAIN-Voce_BVO__-33MG-2025.pdf&#8221;]\t\t\t<div\n\t\t\t\tclass=\"darna-icon-box style1 not-active\" >\n\t\t\t\t<a class=\"ibox-icon\" title=\"\"\n\t\t\t\t   target=\"_self\" href=\"#\">\n\t\t\t\t\t\t\t\t\t\t\t<i class=\"\"><\/i>\n\t\t\t\t\t\t\t\t\t<\/a>\n\t\t\t\t\t\t\t\t\t<h3><a title=\"\" target=\"_self\"\n\t\t\t\t\t       href=\"#\">Voce - Baignoire en acrylique<\/a><\/h3>\n\t\t\t\t\t\t\t\t\t<p>Baignoire autoportante spacieuse avec finition int\u00e9rieure noire brillante et ext\u00e9rieure noire mate intemporelle, offrant un confort accru et facile \u00e0 entretenir. Construction renforc\u00e9e en fibre de verre, drain et trop-plein pr\u00e9install\u00e9s, compatible avec le syst\u00e8me de drainage FleurcoConnect\u00ae.<\/p>\n\t\t\t\t\t\t\t<\/div>\n\t\t\t[\/vc_column_inner][\/vc_row_inner][vc_row_inner layout=&#8221;boxed&#8221;][vc_column_inner width=&#8221;1\/2&#8243;][vc_empty_space height=&#8221;30px&#8221;][vc_gallery type=&#8221;nivo&#8221; interval=&#8221;0&#8243; images=&#8221;7077&#8243; img_size=&#8221;full&#8221; onclick=&#8221;custom_link&#8221; custom_links_target=&#8221;_blank&#8221; css=&#8221;&#8221; custom_links=&#8221;\/wp-content\/uploads\/2025\/04\/FL-FT-BAIN-Sonoro-Plus_BZSN-2025.pdf&#8221;]\t\t\t<div\n\t\t\t\tclass=\"darna-icon-box style1 not-active\" >\n\t\t\t\t<a class=\"ibox-icon\" title=\"\"\n\t\t\t\t   target=\"_self\" href=\"#\">\n\t\t\t\t\t\t\t\t\t\t\t<i class=\"\"><\/i>\n\t\t\t\t\t\t\t\t\t<\/a>\n\t\t\t\t\t\t\t\t\t<h3><a title=\"\" target=\"_self\"\n\t\t\t\t\t       href=\"#\">Sonoro Plus &amp; Sonoro Petite - Baignoire en acrylique<\/a><\/h3>\n\t\t\t\t\t\t\t\t\t<p>Baignoire spacieuse autoportante au fini brillant blanc, avec construction renforc\u00e9e en fibre de verre pour un confort optimal. Drain et trop-plein pr\u00e9install\u00e9s, compatible avec le syst\u00e8me de drainage FleurcoConnect\u00ae.<\/p>\n\t\t\t\t\t\t\t<\/div>\n\t\t\t[\/vc_column_inner][vc_column_inner width=&#8221;1\/2&#8243;][vc_empty_space height=&#8221;30px&#8221;][vc_gallery type=&#8221;nivo&#8221; interval=&#8221;0&#8243; images=&#8221;7082&#8243; img_size=&#8221;full&#8221; onclick=&#8221;custom_link&#8221; custom_links_target=&#8221;_blank&#8221; css=&#8221;&#8221; custom_links=&#8221;\/wp-content\/uploads\/2025\/04\/FL-FT-BAIN-Synfonia_BZSY-2025.pdf&#8221;]\t\t\t<div\n\t\t\t\tclass=\"darna-icon-box style1 not-active\" >\n\t\t\t\t<a class=\"ibox-icon\" title=\"\"\n\t\t\t\t   target=\"_self\" href=\"#\">\n\t\t\t\t\t\t\t\t\t\t\t<i class=\"\"><\/i>\n\t\t\t\t\t\t\t\t\t<\/a>\n\t\t\t\t\t\t\t\t\t<h3><a title=\"\" target=\"_self\"\n\t\t\t\t\t       href=\"#\">Synfonia - Baignoire en acrylique<\/a><\/h3>\n\t\t\t\t\t\t\t\t\t<p>Baignoire spacieuse et ergonomique avec finition blanche brillante, con\u00e7ue pour un confort optimal et facile \u00e0 entretenir. Construction renforc\u00e9e en fibre de verre, drain inclus, et compatible avec le syst\u00e8me de drainage FleurcoConnect\u00ae.<\/p>\n\t\t\t\t\t\t\t<\/div>\n\t\t\t[\/vc_column_inner][\/vc_row_inner][vc_row_inner layout=&#8221;boxed&#8221;][vc_column_inner width=&#8221;1\/2&#8243;][vc_empty_space height=&#8221;30px&#8221;][vc_gallery type=&#8221;nivo&#8221; interval=&#8221;0&#8243; images=&#8221;7058&#8243; img_size=&#8221;full&#8221; onclick=&#8221;custom_link&#8221; custom_links_target=&#8221;_blank&#8221; css=&#8221;&#8221; custom_links=&#8221;\/wp-content\/uploads\/2025\/04\/FL-FT-BAIN-Cadenza_BCD-2025.pdf&#8221;]\t\t\t<div\n\t\t\t\tclass=\"darna-icon-box style1 not-active\" >\n\t\t\t\t<a class=\"ibox-icon\" title=\"\"\n\t\t\t\t   target=\"_self\" href=\"#\">\n\t\t\t\t\t\t\t\t\t\t\t<i class=\"\"><\/i>\n\t\t\t\t\t\t\t\t\t<\/a>\n\t\t\t\t\t\t\t\t\t<h3><a title=\"\" target=\"_self\"\n\t\t\t\t\t       href=\"#\">Cadenza - Baignoire en solid surface<\/a><\/h3>\n\t\t\t\t\t\t\t\t\t<p>Baignoire spacieuse autoportante avec finition blanche brillante, offrant un confort ultime et facile \u00e0 entretenir. Construction renforc\u00e9e en fibre de verre, drain en m\u00e9tal inclus et compatible avec le syst\u00e8me de drainage FleurcoConnect\u00ae.<\/p>\n\t\t\t\t\t\t\t<\/div>\n\t\t\t[\/vc_column_inner][vc_column_inner width=&#8221;1\/2&#8243;][vc_empty_space height=&#8221;30px&#8221;][vc_gallery type=&#8221;nivo&#8221; interval=&#8221;0&#8243; images=&#8221;7062&#8243; img_size=&#8221;full&#8221; onclick=&#8221;custom_link&#8221; custom_links_target=&#8221;_blank&#8221; css=&#8221;&#8221; custom_links=&#8221;\/wp-content\/uploads\/2025\/04\/FL-FT-BAIN-Calando_BCA-2024.pdf&#8221;]\t\t\t<div\n\t\t\t\tclass=\"darna-icon-box style1 not-active\" >\n\t\t\t\t<a class=\"ibox-icon\" title=\"\"\n\t\t\t\t   target=\"_self\" href=\"#\">\n\t\t\t\t\t\t\t\t\t\t\t<i class=\"\"><\/i>\n\t\t\t\t\t\t\t\t\t<\/a>\n\t\t\t\t\t\t\t\t\t<h3><a title=\"\" target=\"_self\"\n\t\t\t\t\t       href=\"#\">Calando - Baignoire en acrylique<\/a><\/h3>\n\t\t\t\t\t\t\t\t\t<p>Offrez \u00e0 votre salle de bain une baignoire autoportante spacieuse au design moderne, alliant confort optimal et \u00e9l\u00e9gance intemporelle gr\u00e2ce \u00e0 sa finition noire mate et brillante. Facile \u00e0 installer et \u00e9quip\u00e9e d'un drain pr\u00e9install\u00e9.<\/p>\n\t\t\t\t\t\t\t<\/div>\n\t\t\t[\/vc_column_inner][\/vc_row_inner][vc_row_inner layout=&#8221;boxed&#8221;][vc_column_inner width=&#8221;1\/2&#8243;][vc_empty_space height=&#8221;30px&#8221;][vc_gallery type=&#8221;nivo&#8221; interval=&#8221;0&#8243; images=&#8221;7067&#8243; img_size=&#8221;full&#8221; onclick=&#8221;custom_link&#8221; custom_links_target=&#8221;_blank&#8221; css=&#8221;&#8221; custom_links=&#8221;\/wp-content\/uploads\/2025\/04\/FL-FT-BAIN-Capriccio_BZCP-2025.pdf&#8221;]\t\t\t<div\n\t\t\t\tclass=\"darna-icon-box style1 not-active\" >\n\t\t\t\t<a class=\"ibox-icon\" title=\"\"\n\t\t\t\t   target=\"_self\" href=\"#\">\n\t\t\t\t\t\t\t\t\t\t\t<i class=\"\"><\/i>\n\t\t\t\t\t\t\t\t\t<\/a>\n\t\t\t\t\t\t\t\t\t<h3><a title=\"\" target=\"_self\"\n\t\t\t\t\t       href=\"#\">Capriccio - Baignoire en solid surface<\/a><\/h3>\n\t\t\t\t\t\t\t\t\t<p>D\u00e9couvrez nos baignoires spacieuses au design pratique, faciles \u00e0 installer et \u00e0 entretenir, avec une construction solide et une certification cUPC. Compatibles avec les drains Fleurco\u00ae pour une installation simplifi\u00e9e.<\/p>\n\t\t\t\t\t\t\t<\/div>\n\t\t\t[\/vc_column_inner][vc_column_inner width=&#8221;1\/2&#8243;][vc_empty_space height=&#8221;30px&#8221;][vc_gallery type=&#8221;nivo&#8221; interval=&#8221;0&#8243; images=&#8221;7072&#8243; img_size=&#8221;full&#8221; onclick=&#8221;custom_link&#8221; custom_links_target=&#8221;_blank&#8221; css=&#8221;&#8221; custom_links=&#8221;\/wp-content\/uploads\/2025\/04\/FL-FT-BAIN-Mezzo_BZMZ-2025.pdf&#8221;]\t\t\t<div\n\t\t\t\tclass=\"darna-icon-box style1 not-active\" >\n\t\t\t\t<a class=\"ibox-icon\" title=\"\"\n\t\t\t\t   target=\"_self\" href=\"#\">\n\t\t\t\t\t\t\t\t\t\t\t<i class=\"\"><\/i>\n\t\t\t\t\t\t\t\t\t<\/a>\n\t\t\t\t\t\t\t\t\t<h3><a title=\"\" target=\"_self\"\n\t\t\t\t\t       href=\"#\">Mezzo - Baignoire en acrylique<\/a><\/h3>\n\t\t\t\t\t\t\t\t\t<p>Baignoire autoportante \u00e0 deux pi\u00e8ces, disponible en int\u00e9rieur et ext\u00e9rieur blanc brillant ou int\u00e9rieur blanc brillant avec ext\u00e9rieur noir mat, offrant confort et facilit\u00e9 d'entretien.<\/p>\n\t\t\t\t\t\t\t<\/div>\n\t\t\t[\/vc_column_inner][\/vc_row_inner][vc_empty_space height=&#8221;90px&#8221;][\/vc_column][\/vc_row]<\/p>\n<\/div>","protected":false},"excerpt":{"rendered":"<p>[vc_row][vc_column][vc_empty_space][\/vc_column][\/vc_row][vc_row layout=&#8221;boxed&#8221; el_class=&#8221;nv-automne&#8221;][vc_column][vc_row_inner layout=&#8221;boxed&#8221;][vc_column_inner width=&#8221;1\/2&#8243;][vc_empty_space height=&#8221;30px&#8221;][vc_gallery type=&#8221;nivo&#8221; interval=&#8221;0&#8243; images=&#8221;7323&#8243; img_size=&#8221;large&#8221; onclick=&#8221;custom_link&#8221; custom_links_target=&#8221;_blank&#8221; css=&#8221;&#8221; custom_links=&#8221;\/wp-content\/uploads\/2025\/11\/Alta_Stile_FR.pdf&#8221;][\/vc_column_inner][vc_column_inner width=&#8221;1\/2&#8243;][vc_empty_space height=&#8221;30px&#8221;][vc_gallery type=&#8221;nivo&#8221; interval=&#8221;0&#8243; images=&#8221;7274&#8243; img_size=&#8221;large&#8221; onclick=&#8221;custom_link&#8221; custom_links_target=&#8221;_blank&#8221; css=&#8221;&#8221; custom_links=&#8221;\/wp-content\/uploads\/2025\/09\/Nouveautes-ETE-2025.pdf&#8221;][\/vc_column_inner][\/vc_row_inner][vc_row_inner layout=&#8221;boxed&#8221;][vc_column_inner width=&#8221;1\/2&#8243;][vc_empty_space height=&#8221;30px&#8221;][vc_gallery type=&#8221;nivo&#8221; interval=&#8221;0&#8243; images=&#8221;6562&#8243; img_size=&#8221;large&#8221; onclick=&#8221;custom_link&#8221; custom_links_target=&#8221;_blank&#8221; css=&#8221;&#8221; custom_links=&#8221;\/wp-content\/uploads\/2024\/05\/Annonce_PRO-LD.pdf&#8221;][\/vc_column_inner][vc_column_inner width=&#8221;1\/2&#8243;][vc_empty_space height=&#8221;30px&#8221;][vc_gallery type=&#8221;nivo&#8221; interval=&#8221;0&#8243; images=&#8221;6368&#8243; img_size=&#8221;full&#8221; onclick=&#8221;custom_link&#8221; custom_links_target=&#8221;_blank&#8221; custom_links=&#8221;\/wp-content\/uploads\/2024\/01\/W23-1553-HofR-Riobel-Lateral-Fact-Sheets_FR.pdf&#8221;][\/vc_column_inner][\/vc_row_inner][vc_row_inner layout=&#8221;boxed&#8221;][vc_column_inner width=&#8221;1\/2&#8243;][vc_empty_space height=&#8221;30px&#8221;][vc_gallery type=&#8221;nivo&#8221; interval=&#8221;0&#8243; images=&#8221;6697&#8243; img_size=&#8221;full&#8221; onclick=&#8221;custom_link&#8221; custom_links_target=&#8221;_blank&#8221; css=&#8221;&#8221; custom_links=&#8221;\/wp-content\/uploads\/2024\/08\/Bellini2_DoubleSlider_FR.pdf&#8221;][\/vc_column_inner][vc_column_inner [&hellip;]<\/p>\n","protected":false},"author":27,"featured_media":0,"parent":0,"menu_order":0,"comment_status":"closed","ping_status":"closed","template":"","meta":{"_seopress_robots_primary_cat":"","_seopress_titles_title":"Latest Local and High Quality Plumbing Products | Plomberie Outaouais","_seopress_titles_desc":"Discover the latest local and high-end products. Take advantage of the latest models for your next kitchen or bathroom at our plumbing store in Gatineau.","_seopress_robots_index":"","inline_featured_image":false,"footnotes":""},"class_list":["post-4122","page","type-page","status-publish","hentry"],"_links":{"self":[{"href":"https:\/\/plomberieoutaouais.com\/en\/wp-json\/wp\/v2\/pages\/4122","targetHints":{"allow":["GET"]}}],"collection":[{"href":"https:\/\/plomberieoutaouais.com\/en\/wp-json\/wp\/v2\/pages"}],"about":[{"href":"https:\/\/plomberieoutaouais.com\/en\/wp-json\/wp\/v2\/types\/page"}],"author":[{"embeddable":true,"href":"https:\/\/plomberieoutaouais.com\/en\/wp-json\/wp\/v2\/users\/27"}],"replies":[{"embeddable":true,"href":"https:\/\/plomberieoutaouais.com\/en\/wp-json\/wp\/v2\/comments?post=4122"}],"version-history":[{"count":15,"href":"https:\/\/plomberieoutaouais.com\/en\/wp-json\/wp\/v2\/pages\/4122\/revisions"}],"predecessor-version":[{"id":7355,"href":"https:\/\/plomberieoutaouais.com\/en\/wp-json\/wp\/v2\/pages\/4122\/revisions\/7355"}],"wp:attachment":[{"href":"https:\/\/plomberieoutaouais.com\/en\/wp-json\/wp\/v2\/media?parent=4122"}],"curies":[{"name":"wp","href":"https:\/\/api.w.org\/{rel}","templated":true}]}}